{"id":45,"date":"2017-03-09T16:43:52","date_gmt":"2017-03-09T16:43:52","guid":{"rendered":"http:\/\/allovoyages.fr\/mag\/?page_id=45"},"modified":"2023-01-10T14:45:01","modified_gmt":"2023-01-10T14:45:01","slug":"meilleurs-sites","status":"publish","type":"page","link":"https:\/\/www.allovoyages.fr\/mag\/meilleurs-sites\/","title":{"rendered":"Sp\u00e9cial: Les meilleurs sites o\u00f9 r\u00e9server votre voyage ou s\u00e9jour pas cher"},"content":{"rendered":"<p><em>Mis \u00e0 jour : 28.01.2020<\/em><\/p>\n<div class=\"week\">Notre r\u00e9daction a test\u00e9 pour vous diff\u00e9rents sites de r\u00e9servation de voyages, s\u00e9jours, circuits et croisi\u00e8res, et \u00e0 s\u00e9lectionn\u00e9 les meilleurs. Pour r\u00e9server un s\u00e9jour pas cher, quelque soit la destination de vos r\u00eaves, voil\u00e0 le top de la r\u00e9daction.<\/div>\n<div class=\"block featured\">\n<div class=\"f_entry\">\n<div class=\"img_f_entry\"><img decoding=\"async\" class=\"sps lazyload\" data-src=\"\/files\/deals\/promovacances.jpg\" alt=\"\" src=\"data:image\/gif;base64,R0lGODlhAQABAAAAACH5BAEKAAEALAAAAAABAAEAAAICTAEAOw==\"><\/div>\n<div class=\"f_entry_right\">\n<h3><a href=\"http:\/\/www.promovacances.com\" rel=\"nofollow noopener\" target=\"_blank\">Promovacances, pour trouver des offres en promo toute l\u2019ann\u00e9e<\/a><\/h3>\n<p>Promovacances est un des leaders du march\u00e9 des voyages et s\u00e9jours pas chers. Ce site vous propose des voyages \u00e0 petits prix dans toutes les gammes d\u2019h\u00e9bergement. Vacances au soleil, s\u00e9jours au ski, week-ends en Europe ou Thalasso, il est possible de trier vos recherches par prix ou par avis, ou de s\u00e9lectionner simplement les meilleurs bons plans. Attention cependant, la plupart des voyages propos\u00e9s sont sous r\u00e9serve de confirmation dans les 48 heures, pour ne pas risquer de d\u00e9sillusion, mieux vaut donc ne pas s\u2019y prendre au tout dernier moment.<br \/>\n<a href=\"https:\/\/tracking.publicidees.com\/clic.php?progid=2184&#038;partid=60645&#038;dpl=https%3A%2F%2Fwww.promovacances.com\" rel=\"nofollow noopener\" target=\"_blank\">En savoir plus<\/a><\/p>\n<\/div>\n<div class=\"clear\"><\/div>\n<\/div>\n<div class=\"clear\"><\/div>\n<div class=\"f_entry\">\n<div class=\"img_f_entry\"><img decoding=\"async\" class=\"sps lazyload\" data-src=\"https:\/\/www.allovoyages.fr\/mag\/wp-content\/uploads\/2021\/03\/logotui.png\" alt=\"\" src=\"data:image\/gif;base64,R0lGODlhAQABAAAAACH5BAEKAAEALAAAAAABAAEAAAICTAEAOw==\" style=\"--smush-placeholder-width: 800px; --smush-placeholder-aspect-ratio: 800\/800;\"><\/div>\n<div class=\"f_entry_right\">\n<h3><a href=\"http:\/\/www.tui.fr\/\" rel=\"nofollow noopener\" target=\"_blank\">TUI, le sp\u00e9cialiste des voyages en club th\u00e9matique<\/a><\/h3>\n<p>TUI.fr offre sans aucun doute le plus grand choix de voyage en club pour toute la famille. Ce site regroupe en effet les offres de s\u00e9jours dans les clubs des marques bien connues Marmara et Look\u00e9a, mais aussi dans des clubs d\u2019autres marques, de gammes vari\u00e9es, moins connues du grand public. Vous pouvez ainsi y r\u00e9server un s\u00e9jour en club Splashworld, des h\u00f4tels avec parcs aquatiques, toboggans et jeux d\u2019eau accessible en illimit\u00e9, ou un s\u00e9jour TUI Sensimar, dans un h\u00f4tel romantique pour les s\u00e9jours en amoureux. Les clubs TUI Magic Life proposent quant \u00e0 eux nombre d\u2019activit\u00e9s sportives, tandis que les TUI Family Life offrent des prestations r\u00e9serv\u00e9es aux enfants pour permettre aux parents de profiter de moments de d\u00e9tente bien m\u00e9rit\u00e9s. En tout, le site TUI propose pas moins de 11 gammes de s\u00e9jours en club diff\u00e9rentes. De quoi forc\u00e9ment trouver votre bonheur !<br \/>\n<a href=\"http:\/\/www.tui.fr\/\" rel=\"nofollow noopener\" target=\"_blank\">En savoir plus<\/a><\/p>\n<\/div>\n<div class=\"clear\"><\/div>\n<\/div>\n<div class=\"clear\"><\/div>\n<div class=\"f_entry\">\n<div class=\"img_f_entry\"><img decoding=\"async\" class=\"sps lazyload\" data-src=\"\/files\/deals\/lastminute.jpg\" alt=\"\" src=\"data:image\/gif;base64,R0lGODlhAQABAAAAACH5BAEKAAEALAAAAAABAAEAAAICTAEAOw==\"><\/div>\n<div class=\"f_entry_right\">\n<h3><a href=\"http:\/\/www.fr.lastminute.com\/\" rel=\"nofollow noopener\" target=\"_blank\">Lastminute, pour r\u00e9server avec un d\u00e9part proche.<\/a><\/h3>\n<p>Au d\u00e9part positionn\u00e9 sur les offres promotionnelles pour les d\u00e9parts de derni\u00e8re minute, le site Lastminute offre d\u00e9sormais un large choix de voyages pas chers quelque soit la date de d\u00e9part. Leurs tarifs sont toutefois particuli\u00e8rement comp\u00e9titifs sur des d\u00e9parts tr\u00e8s proches. Quelque soit votre choix, le site s\u2019engage \u00e0 vous rembourser 10 fois la diff\u00e9rence si vous trouvez le m\u00eame produit aux m\u00eames dates, moins cher ailleurs. Attention toutefois aux conditions des offres, les meilleurs prix ne sont souvent accessibles que sur des dates de voyages bien sp\u00e9cifiques.<br \/>\n<a href=\"http:\/\/www.fr.lastminute.com\/\" rel=\"nofollow noopener\" target=\"_blank\">En savoir plus<\/a><\/p>\n<\/div>\n<div class=\"clear\"><\/div>\n<\/div>\n<div class=\"clear\"><\/div>\n<div class=\"f_entry\">\n<div class=\"img_f_entry\"><img decoding=\"async\" class=\"sps lazyload\" data-src=\"\/files\/mag\/logos\/ecotour.jpg\" alt=\"\" src=\"data:image\/gif;base64,R0lGODlhAQABAAAAACH5BAEKAAEALAAAAAABAAEAAAICTAEAOw==\"><\/div>\n<div class=\"f_entry_right\">\n<h3><a href=\"http:\/\/www.ecotour.com\/\" rel=\"nofollow noopener\" target=\"_blank\">Ecotour, des circuits et s\u00e9jour en promo<\/a><\/h3>\n<p>Ecotour a l\u2019avantage de pr\u00e9senter sur sa page d\u2019accueil son \u201cTop destis\u201d. Le classement des 9 destinations les plus vendues sur le site avec le prix \u201c\u00e0 partir de\u201d du voyage le moins cher pour chacune d\u2019entre elles. Selon votre budget, vous pouvez donc tout de suite rep\u00e9rer quels sont les meilleurs bon plans du moment. Le m\u00eame principe d\u2019applique \u00e0 la page circuit, sur laquelle vous voyez du premier coup d\u2019oeil les circuits les plus r\u00e9serv\u00e9s du moment et leur tarif de d\u00e9part. Le site propose \u00e9galement de nombreux autotours pas chers, en Europe notamment.<br \/>\n<a href=\"http:\/\/www.ecotour.com\/\" rel=\"nofollow noopener\" target=\"_blank\">En savoir plus<\/a><\/p>\n<\/div>\n<div class=\"clear\"><\/div>\n<\/div>\n<div class=\"clear\"><\/div>\n<div class=\"f_entry\">\n<div class=\"img_f_entry\"><img decoding=\"async\" class=\"sps lazyload\" data-src=\"\/files\/mag\/logos\/croisierenet.jpg\" alt=\"\" src=\"data:image\/gif;base64,R0lGODlhAQABAAAAACH5BAEKAAEALAAAAAABAAEAAAICTAEAOw==\"><\/div>\n<div class=\"f_entry_right\">\n<h3><a href=\"http:\/\/www.croisierenet.com\/\" rel=\"nofollow noopener\" target=\"_blank\">Croisierenet, pour r\u00e9server une croisi\u00e8re pas ch\u00e8re<\/a><\/h3>\n<p>Vous r\u00eaver d\u2019un voyage au long court sans vous ruiner ? Croisierenet.com saura satisfaire votre \u00e2me de marin en vous proposant un large choix de croisi\u00e8res en promo. Ce site regroupe des offres \u00e0 -50% sur le second passager, des promotions boissons offertes ou encore des tarifs sp\u00e9ciaux pour les petits groupes, parfaits pour partir avec toute la famille, enfants, grands ou arri\u00e8res-grands parents, oncles et tantes, etc\u2026 . Partez d\u00e9couvrir le monde \u00e0 bord des bateaux des croisi\u00e9ristes les plus connus, comme Costa Croisi\u00e8res, MSC Croisi\u00e8res, Royal Caribbean, ou encore la c\u00e9l\u00e8bre Norwegian Cruise Line.<br \/>\n<a href=\"http:\/\/www.croisierenet.com\/\" rel=\"nofollow noopener\" target=\"_blank\">En savoir plus<\/a><\/p>\n<\/div>\n<div class=\"clear\"><\/div>\n<\/div>\n<div class=\"clear\"><\/div>\n<div class=\"f_entry\">\n<div class=\"img_f_entry\"><img decoding=\"async\" class=\"sps lazyload\" data-src=\"\/files\/mag\/logos\/expedia.jpg\" alt=\"\" src=\"data:image\/gif;base64,R0lGODlhAQABAAAAACH5BAEKAAEALAAAAAABAAEAAAICTAEAOw==\"><\/div>\n<div class=\"f_entry_right\">\n<h3><a href=\"https:\/\/www.expedia.fr\/\" rel=\"nofollow noopener\" target=\"_blank\">Expedia, voyagez plus pour gagnez plus<\/a><\/h3>\n<p>Expedia.com offre un large choix de s\u00e9jours avec ou sans vols et avec ou sans location de voiture. Si vous \u00eates membres du club Expedia, vous b\u00e9n\u00e9ficiez de remises suppl\u00e9mentaires. Vous pouvez \u00e9conomiser ainsi 10% sur une s\u00e9lection d\u2019h\u00f4tels et d\u2019activit\u00e9s. Une s\u00e9lection suppl\u00e9mentaire \u00e0 -50% vous est \u00e9galement ouverte. Evidemment, plus vous voyagez avec Expedia, et plus vous cumulez d\u2019avantages. En tant que membre Blue, vous b\u00e9n\u00e9ficiez de 10% de remise suppl\u00e9mentaire en plus des promos standard sur une s\u00e9lection d\u2019h\u00f4tels. Le niveau Silver vous donne droit \u00e0 encore 10% suppl\u00e9mentaires, au petit-d\u00e9jeuner gratuit, et \u00e0 des bons de SPA offerts dans les h\u00f4tels VIP Access. Et si vous \u00eates membres Gold, \u00e0 vous les surclassements !<br \/>\n<a href=\"https:\/\/www.expedia.fr\/\" rel=\"nofollow noopener\" target=\"_blank\">En savoir plus<\/a><\/p>\n<\/div>\n<div class=\"clear\"><\/div>\n<\/div>\n<\/div>\n<div class=\"clear\"><\/div>\n","protected":false},"excerpt":{"rendered":"<p>Mis \u00e0 jour : 28.01.2020 Notre r\u00e9daction a test\u00e9 pour vous diff\u00e9rents sites de r\u00e9servation de voyages, s\u00e9jours, circuits et&#8230;<\/p>\n","protected":false},"author":1,"featured_media":0,"parent":0,"menu_order":0,"comment_status":"closed","ping_status":"closed","template":"","meta":{"footnotes":""},"class_list":["post-45","page","type-page","status-publish","hentry"],"_links":{"self":[{"href":"https:\/\/www.allovoyages.fr\/mag\/wp-json\/wp\/v2\/pages\/45","targetHints":{"allow":["GET"]}}],"collection":[{"href":"https:\/\/www.allovoyages.fr\/mag\/wp-json\/wp\/v2\/pages"}],"about":[{"href":"https:\/\/www.allovoyages.fr\/mag\/wp-json\/wp\/v2\/types\/page"}],"author":[{"embeddable":true,"href":"https:\/\/www.allovoyages.fr\/mag\/wp-json\/wp\/v2\/users\/1"}],"replies":[{"embeddable":true,"href":"https:\/\/www.allovoyages.fr\/mag\/wp-json\/wp\/v2\/comments?post=45"}],"version-history":[{"count":24,"href":"https:\/\/www.allovoyages.fr\/mag\/wp-json\/wp\/v2\/pages\/45\/revisions"}],"predecessor-version":[{"id":9112,"href":"https:\/\/www.allovoyages.fr\/mag\/wp-json\/wp\/v2\/pages\/45\/revisions\/9112"}],"wp:attachment":[{"href":"https:\/\/www.allovoyages.fr\/mag\/wp-json\/wp\/v2\/media?parent=45"}],"curies":[{"name":"wp","href":"https:\/\/api.w.org\/{rel}","templated":true}]}}